{"id":19,"date":"2017-05-22T23:00:30","date_gmt":"2017-05-23T02:00:30","guid":{"rendered":"http:\/\/checkupoftalmologia.com.br\/wp\/?page_id=19"},"modified":"2025-11-07T09:56:04","modified_gmt":"2025-11-07T12:56:04","slug":"home","status":"publish","type":"page","link":"https:\/\/draodiliaoftalmo.com.br\/","title":{"rendered":"Bem vindo!"},"content":{"rendered":"<p class=\"wb-stl-heading2\">Nossa miss\u00e3o na Oftalmologia \u00e9 possibilitar que o paciente veja melhor o mundo e as pessoas ao seu redor.<\/p>\n<p class=\"wb-stl-heading2\">Buscamos promover a sa\u00fade ocular com excel\u00eancia e de forma humanizada, primando pelo atendimento OLHO NO OLHO.<\/p>\n<p class=\"wb-stl-heading2\">Para n\u00f3s, olhar nos olhos dos nossos pacientes, com aten\u00e7\u00e3o e cuidado, \u00e9 o mais importante sinal de confian\u00e7a e constru\u00e7\u00e3o da rela\u00e7\u00e3o m\u00e9dico-paciente.<\/p>\n\n\n<a id=\"zl-url\" class=\"zl-url\" href=\"https:\/\/www.doctoralia.com.br\/maria-odilia-navarro-m-viana\/oftalmologista\/joao-pessoa\" rel=\"nofollow\" data-zlw-doctor=\"maria-odilia-navarro-m-viana\" data-zlw-type=\"button_calendar_floating_medium\" data-zlw-opinion=\"false\" data-zlw-hide-branding=\"true\" data-zlw-saas-only=\"false\" data-zlw-a11y-title=\"Widget de marca\u00e7\u00e3o de consultas m\u00e9dicas\">Maria Od\u00edlia Navarro M. Viana . &#8211; Doctoralia.com.br<\/a><script>!function($_x,_s,id){var js,fjs=$_x.getElementsByTagName(_s)[0];if(!$_x.getElementById(id)){js = $_x.createElement(_s);js.id = id;js.src = \"\/\/platform.docplanner.com\/js\/widget.js\";fjs.parentNode.insertBefore(js,fjs);}}(document,\"script\",\"zl-widget-s\");<\/script>\n","protected":false},"excerpt":{"rendered":"<p>Nossa miss\u00e3o na Oftalmologia \u00e9 possibilitar que o paciente veja melhor o mundo e as pessoas ao seu redor. Buscamos promover a sa\u00fade ocular com excel\u00eancia e de forma humanizada, primando pelo atendimento OLHO NO OLHO. Para n\u00f3s, olhar nos olhos dos nossos pacientes, com aten\u00e7\u00e3o e cuidado, \u00e9 o mais importante sinal de confian\u00e7a <a class=\"more-link\" href=\"https:\/\/draodiliaoftalmo.com.br\/\">Leia mais&#8230; &raquo;<\/a><\/p>\n","protected":false},"author":2,"featured_media":0,"parent":0,"menu_order":0,"comment_status":"closed","ping_status":"closed","template":"","meta":{"footnotes":""},"class_list":["post-19","page","type-page","status-publish","hentry"],"_links":{"self":[{"href":"https:\/\/draodiliaoftalmo.com.br\/index.php\/wp-json\/wp\/v2\/pages\/19","targetHints":{"allow":["GET"]}}],"collection":[{"href":"https:\/\/draodiliaoftalmo.com.br\/index.php\/wp-json\/wp\/v2\/pages"}],"about":[{"href":"https:\/\/draodiliaoftalmo.com.br\/index.php\/wp-json\/wp\/v2\/types\/page"}],"author":[{"embeddable":true,"href":"https:\/\/draodiliaoftalmo.com.br\/index.php\/wp-json\/wp\/v2\/users\/2"}],"replies":[{"embeddable":true,"href":"https:\/\/draodiliaoftalmo.com.br\/index.php\/wp-json\/wp\/v2\/comments?post=19"}],"version-history":[{"count":6,"href":"https:\/\/draodiliaoftalmo.com.br\/index.php\/wp-json\/wp\/v2\/pages\/19\/revisions"}],"predecessor-version":[{"id":999,"href":"https:\/\/draodiliaoftalmo.com.br\/index.php\/wp-json\/wp\/v2\/pages\/19\/revisions\/999"}],"wp:attachment":[{"href":"https:\/\/draodiliaoftalmo.com.br\/index.php\/wp-json\/wp\/v2\/media?parent=19"}],"curies":[{"name":"wp","href":"https:\/\/api.w.org\/{rel}","templated":true}]}}